{"id":61,"date":"2015-11-22T17:43:57","date_gmt":"2015-11-22T17:43:57","guid":{"rendered":"http:\/\/www.millandwell.com\/?page_id=61"},"modified":"2018-11-29T08:33:36","modified_gmt":"2018-11-29T08:33:36","slug":"contact","status":"publish","type":"page","link":"https:\/\/www.millandwell.com\/da\/contact\/","title":{"rendered":"Kontakt"},"content":{"rendered":"<p><a href=\"https:\/\/www.google.com\/maps\/place\/Krusm%C3%B8llevej+10,+6200+Aabenraa,+%C4%90an+M%E1%BA%A1ch\/@55.0092429,9.4866299,17z\/data=!3m1!4b1!4m2!3m1!1s0x47b34e23acb194ad:0x95682cb06410dd9b\" target=\"_blank\"><img loading=\"lazy\" decoding=\"async\" width=\"941\" height=\"387\" class=\"alignnone size-medium wp-image-64\" src=\"https:\/\/www.millandwell.com\/wp-content\/uploads\/2015\/11\/map.png\" alt=\"map\" srcset=\"https:\/\/www.millandwell.com\/wp-content\/uploads\/2015\/11\/map.png 941w, https:\/\/www.millandwell.com\/wp-content\/uploads\/2015\/11\/map-300x123.png 300w\" sizes=\"auto, (max-width: 941px) 100vw, 941px\" \/><\/a><\/p>\n<p>&nbsp;<\/p>\n<div class=\"row\">\n<div class=\"col-xs-12 col-sm-5\"><span style=\"text-decoration: underline;\">SALG:<\/span><br \/>\n<span style=\"font-size: 1.5em;\">Henrik Loff<\/span><br \/>\ninfo@millandwell.com<\/div>\n<div class=\"col-xs-12 col-sm-5\"><\/div>\n<div class=\"col-xs-12 col-sm-5\"><span style=\"text-decoration: underline;\">PRODUKTION:<\/span><br \/>\n<span style=\"font-size: 1.5em;\">Krusm\u00f8lle Kilde ApS<\/span><br \/>\nKrusm\u00f8llevej 10, Felstedskov<br \/>\nDK-6200 Aabenraa<br \/>\nDanmark<\/div>\n<div class=\"col-xs-12 col-sm-7\">\n<p>Har du lyst til, at kunne byde dine kunder p\u00e5 prisvindende artetisk kildevand? S\u00e5 skriv til os med det samme. \n<div class=\"wpcf7 no-js\" id=\"wpcf7-f115-o2\" lang=\"en-US\" dir=\"ltr\" data-wpcf7-id=\"115\">\n<div class=\"screen-reader-response\"><p role=\"status\" aria-live=\"polite\" aria-atomic=\"true\"><\/p> <ul><\/ul><\/div>\n<form action=\"\/da\/wp-json\/wp\/v2\/pages\/61#wpcf7-f115-o2\" method=\"post\" class=\"wpcf7-form init\" aria-label=\"Contact form\" novalidate=\"novalidate\" data-status=\"init\">\n<fieldset class=\"hidden-fields-container\"><input type=\"hidden\" name=\"_wpcf7\" value=\"115\" \/><input type=\"hidden\" name=\"_wpcf7_version\" value=\"6.1.5\" \/><input type=\"hidden\" name=\"_wpcf7_locale\" value=\"en_US\" \/><input type=\"hidden\" name=\"_wpcf7_unit_tag\" value=\"wpcf7-f115-o2\" \/><input type=\"hidden\" name=\"_wpcf7_container_post\" value=\"0\" \/><input type=\"hidden\" name=\"_wpcf7_posted_data_hash\" value=\"\" \/>\n<\/fieldset>\n<p><span class=\"wpcf7-form-control-wrap\" data-name=\"name\"><input size=\"40\" maxlength=\"400\" class=\"wpcf7-form-control wpcf7-text wpcf7-validates-as-required\" aria-required=\"true\" aria-invalid=\"false\" placeholder=\"Navn\" value=\"\" type=\"text\" name=\"name\" \/><\/span>\n<\/p>\n<p><span class=\"wpcf7-form-control-wrap\" data-name=\"email\"><input size=\"40\" maxlength=\"400\" class=\"wpcf7-form-control wpcf7-email wpcf7-validates-as-required wpcf7-text wpcf7-validates-as-email\" aria-required=\"true\" aria-invalid=\"false\" placeholder=\"E-mail\" value=\"\" type=\"email\" name=\"email\" \/><\/span>\n<\/p>\n<p><span class=\"wpcf7-form-control-wrap\" data-name=\"phone\"><input size=\"40\" maxlength=\"400\" class=\"wpcf7-form-control wpcf7-text\" aria-invalid=\"false\" placeholder=\"Telefon\" value=\"\" type=\"text\" name=\"phone\" \/><\/span>\n<\/p>\n<p><span class=\"wpcf7-form-control-wrap\" data-name=\"message\"><textarea cols=\"60\" rows=\"6\" maxlength=\"2000\" class=\"wpcf7-form-control wpcf7-textarea\" aria-invalid=\"false\" placeholder=\"Besked\" name=\"message\"><\/textarea><\/span>\n<\/p>\n<p><input class=\"wpcf7-form-control wpcf7-submit has-spinner\" type=\"submit\" value=\"Send\" \/>\n<\/p><div class=\"wpcf7-response-output\" aria-hidden=\"true\"><\/div>\n<\/form>\n<\/div>\n<\/p>\n<p><a href=\"https:\/\/www.millandwell.com\/legal-notice\/\" style=\"color: #FFFFFF\">Legal Notice<\/a>\n<\/div>\n<\/div>\n<p><\/p>","protected":false},"excerpt":{"rendered":"<p>&nbsp; SALG: Henrik Loff info@millandwell.com PRODUKTION: Krusm\u00f8lle Kilde ApS Krusm\u00f8llevej 10, Felstedskov DK-6200 Aabenraa Danmark Har du lyst til, at kunne byde dine kunder p\u00e5 prisvindende artetisk kildevand? S\u00e5 skriv til os med det samme. Legal Notice<\/p>\n","protected":false},"author":3,"featured_media":151,"parent":0,"menu_order":0,"comment_status":"closed","ping_status":"closed","template":"","meta":{"_acf_changed":false,"footnotes":""},"class_list":["post-61","page","type-page","status-publish","has-post-thumbnail","hentry"],"acf":[],"yoast_head":"<!-- This site is optimized with the Yoast SEO plugin v27.4 - https:\/\/yoast.com\/product\/yoast-seo-wordpress\/ -->\n<title>Kontakt - Mill and well<\/title>\n<meta name=\"robots\" content=\"index, follow, max-snippet:-1, max-image-preview:large, max-video-preview:-1\" \/>\n<link rel=\"canonical\" href=\"https:\/\/www.millandwell.com\/contact\/\" \/>\n<meta property=\"og:locale\" content=\"da_DK\" \/>\n<meta property=\"og:type\" content=\"article\" \/>\n<meta property=\"og:title\" content=\"[:en]Contact[:da]Kontakt[:] - Mill and well\" \/>\n<meta property=\"og:description\" content=\"&nbsp; SALG: Henrik Loff info@millandwell.com PRODUKTION: Krusm\u00f8lle Kilde ApS Krusm\u00f8llevej 10, Felstedskov DK-6200 Aabenraa Danmark Har du lyst til, at kunne byde dine kunder p\u00e5 prisvindende artetisk kildevand? S\u00e5 skriv til os med det samme. Legal Notice\" \/>\n<meta property=\"og:url\" content=\"https:\/\/www.millandwell.com\/contact\/\" \/>\n<meta property=\"og:site_name\" content=\"Mill and well\" \/>\n<meta property=\"article:modified_time\" content=\"2018-11-29T08:33:36+00:00\" \/>\n<meta property=\"og:image\" content=\"https:\/\/www.millandwell.com\/wp-content\/uploads\/2015\/11\/map-bg.jpg\" \/>\n\t<meta property=\"og:image:width\" content=\"1440\" \/>\n\t<meta property=\"og:image:height\" content=\"1350\" \/>\n\t<meta property=\"og:image:type\" content=\"image\/jpeg\" \/>\n<meta name=\"twitter:card\" content=\"summary_large_image\" \/>\n<script type=\"application\/ld+json\" class=\"yoast-schema-graph\">{\"@context\":\"https:\\\/\\\/schema.org\",\"@graph\":[{\"@type\":\"WebPage\",\"@id\":\"https:\\\/\\\/www.millandwell.com\\\/contact\\\/\",\"url\":\"https:\\\/\\\/www.millandwell.com\\\/contact\\\/\",\"name\":\"[:en]Contact[:da]Kontakt[:] - Mill and well\",\"isPartOf\":{\"@id\":\"https:\\\/\\\/www.millandwell.com\\\/#website\"},\"primaryImageOfPage\":{\"@id\":\"https:\\\/\\\/www.millandwell.com\\\/contact\\\/#primaryimage\"},\"image\":{\"@id\":\"https:\\\/\\\/www.millandwell.com\\\/contact\\\/#primaryimage\"},\"thumbnailUrl\":\"https:\\\/\\\/www.millandwell.com\\\/wp-content\\\/uploads\\\/2015\\\/11\\\/map-bg.jpg\",\"datePublished\":\"2015-11-22T17:43:57+00:00\",\"dateModified\":\"2018-11-29T08:33:36+00:00\",\"breadcrumb\":{\"@id\":\"https:\\\/\\\/www.millandwell.com\\\/contact\\\/#breadcrumb\"},\"inLanguage\":\"da-DK\",\"potentialAction\":[{\"@type\":\"ReadAction\",\"target\":[\"https:\\\/\\\/www.millandwell.com\\\/contact\\\/\"]}]},{\"@type\":\"ImageObject\",\"inLanguage\":\"da-DK\",\"@id\":\"https:\\\/\\\/www.millandwell.com\\\/contact\\\/#primaryimage\",\"url\":\"https:\\\/\\\/www.millandwell.com\\\/wp-content\\\/uploads\\\/2015\\\/11\\\/map-bg.jpg\",\"contentUrl\":\"https:\\\/\\\/www.millandwell.com\\\/wp-content\\\/uploads\\\/2015\\\/11\\\/map-bg.jpg\",\"width\":1440,\"height\":1350},{\"@type\":\"BreadcrumbList\",\"@id\":\"https:\\\/\\\/www.millandwell.com\\\/contact\\\/#breadcrumb\",\"itemListElement\":[{\"@type\":\"ListItem\",\"position\":1,\"name\":\"Home\",\"item\":\"https:\\\/\\\/www.millandwell.com\\\/\"},{\"@type\":\"ListItem\",\"position\":2,\"name\":\"Contact\"}]},{\"@type\":\"WebSite\",\"@id\":\"https:\\\/\\\/www.millandwell.com\\\/#website\",\"url\":\"https:\\\/\\\/www.millandwell.com\\\/\",\"name\":\"Mill and well\",\"description\":\"Kildevand fra en af Danmarks eneste artesiske kilder\",\"potentialAction\":[{\"@type\":\"SearchAction\",\"target\":{\"@type\":\"EntryPoint\",\"urlTemplate\":\"https:\\\/\\\/www.millandwell.com\\\/?s={search_term_string}\"},\"query-input\":{\"@type\":\"PropertyValueSpecification\",\"valueRequired\":true,\"valueName\":\"search_term_string\"}}],\"inLanguage\":\"da-DK\"}]}<\/script>\n<!-- \/ Yoast SEO plugin. -->","yoast_head_json":{"title":"[:en]Contact[:da]Kontakt[:] - Mill and well","robots":{"index":"index","follow":"follow","max-snippet":"max-snippet:-1","max-image-preview":"max-image-preview:large","max-video-preview":"max-video-preview:-1"},"canonical":"https:\/\/www.millandwell.com\/contact\/","og_locale":"da_DK","og_type":"article","og_title":"[:en]Contact[:da]Kontakt[:] - Mill and well","og_description":"&nbsp; SALG: Henrik Loff info@millandwell.com PRODUKTION: Krusm\u00f8lle Kilde ApS Krusm\u00f8llevej 10, Felstedskov DK-6200 Aabenraa Danmark Har du lyst til, at kunne byde dine kunder p\u00e5 prisvindende artetisk kildevand? S\u00e5 skriv til os med det samme. Legal Notice","og_url":"https:\/\/www.millandwell.com\/contact\/","og_site_name":"Mill and well","article_modified_time":"2018-11-29T08:33:36+00:00","og_image":[{"width":1440,"height":1350,"url":"https:\/\/www.millandwell.com\/wp-content\/uploads\/2015\/11\/map-bg.jpg","type":"image\/jpeg"}],"twitter_card":"summary_large_image","schema":{"@context":"https:\/\/schema.org","@graph":[{"@type":"WebPage","@id":"https:\/\/www.millandwell.com\/contact\/","url":"https:\/\/www.millandwell.com\/contact\/","name":"[:en]Contact[:da]Kontakt[:] - Mill and well","isPartOf":{"@id":"https:\/\/www.millandwell.com\/#website"},"primaryImageOfPage":{"@id":"https:\/\/www.millandwell.com\/contact\/#primaryimage"},"image":{"@id":"https:\/\/www.millandwell.com\/contact\/#primaryimage"},"thumbnailUrl":"https:\/\/www.millandwell.com\/wp-content\/uploads\/2015\/11\/map-bg.jpg","datePublished":"2015-11-22T17:43:57+00:00","dateModified":"2018-11-29T08:33:36+00:00","breadcrumb":{"@id":"https:\/\/www.millandwell.com\/contact\/#breadcrumb"},"inLanguage":"da-DK","potentialAction":[{"@type":"ReadAction","target":["https:\/\/www.millandwell.com\/contact\/"]}]},{"@type":"ImageObject","inLanguage":"da-DK","@id":"https:\/\/www.millandwell.com\/contact\/#primaryimage","url":"https:\/\/www.millandwell.com\/wp-content\/uploads\/2015\/11\/map-bg.jpg","contentUrl":"https:\/\/www.millandwell.com\/wp-content\/uploads\/2015\/11\/map-bg.jpg","width":1440,"height":1350},{"@type":"BreadcrumbList","@id":"https:\/\/www.millandwell.com\/contact\/#breadcrumb","itemListElement":[{"@type":"ListItem","position":1,"name":"Home","item":"https:\/\/www.millandwell.com\/"},{"@type":"ListItem","position":2,"name":"Contact"}]},{"@type":"WebSite","@id":"https:\/\/www.millandwell.com\/#website","url":"https:\/\/www.millandwell.com\/","name":"Mill and well","description":"Kildevand fra en af Danmarks eneste artesiske kilder","potentialAction":[{"@type":"SearchAction","target":{"@type":"EntryPoint","urlTemplate":"https:\/\/www.millandwell.com\/?s={search_term_string}"},"query-input":{"@type":"PropertyValueSpecification","valueRequired":true,"valueName":"search_term_string"}}],"inLanguage":"da-DK"}]}},"_links":{"self":[{"href":"https:\/\/www.millandwell.com\/da\/wp-json\/wp\/v2\/pages\/61","targetHints":{"allow":["GET"]}}],"collection":[{"href":"https:\/\/www.millandwell.com\/da\/wp-json\/wp\/v2\/pages"}],"about":[{"href":"https:\/\/www.millandwell.com\/da\/wp-json\/wp\/v2\/types\/page"}],"author":[{"embeddable":true,"href":"https:\/\/www.millandwell.com\/da\/wp-json\/wp\/v2\/users\/3"}],"replies":[{"embeddable":true,"href":"https:\/\/www.millandwell.com\/da\/wp-json\/wp\/v2\/comments?post=61"}],"version-history":[{"count":50,"href":"https:\/\/www.millandwell.com\/da\/wp-json\/wp\/v2\/pages\/61\/revisions"}],"predecessor-version":[{"id":390,"href":"https:\/\/www.millandwell.com\/da\/wp-json\/wp\/v2\/pages\/61\/revisions\/390"}],"wp:featuredmedia":[{"embeddable":true,"href":"https:\/\/www.millandwell.com\/da\/wp-json\/wp\/v2\/media\/151"}],"wp:attachment":[{"href":"https:\/\/www.millandwell.com\/da\/wp-json\/wp\/v2\/media?parent=61"}],"curies":[{"name":"wp","href":"https:\/\/api.w.org\/{rel}","templated":true}]}}