{"id":247,"date":"2016-04-27T14:03:22","date_gmt":"2016-04-27T14:03:22","guid":{"rendered":"https:\/\/www.millandwell.com\/?page_id=247"},"modified":"2016-04-27T14:24:52","modified_gmt":"2016-04-27T14:24:52","slug":"prisvindende-kildevand","status":"publish","type":"page","link":"https:\/\/www.millandwell.com\/da\/om-os\/prisvindende-kildevand\/","title":{"rendered":"Prisvindende kildevand"},"content":{"rendered":"<p><\/p>\n<p style=\"text-align: center;\"><strong><em>&#8220;Krusm\u00f8lle Kilde wins for slightly cheeky label, but mainly for overall elegance of the bottle.&#8221;<\/em> <\/strong><br \/>\n&#8211; udtalelse fra Fine Waters 2012 i kategorien: <em>&#8220;Bedste nye flaske i glas&#8221;<\/em><\/p>\n<p style=\"text-align: center;\">Smagsoplevelser starter ved f\u00f8rste \u00f8jekast. Derfor har det fra starten v\u00e6ret afg\u00f8rende for os, at designe en flaske der forst\u00e6rker smagsoplevelsen. Et rent design, der g\u00f8r, at smagen forst\u00e6rkes og den samlede oplevelse n\u00e5r et h\u00f8jere niveau.<\/p>\n<p style=\"text-align: center;\"><a href=\"https:\/\/www.millandwell.com\/wp-content\/uploads\/2016\/04\/WI_Awards_2012_Press_Release.pdf\" target=\"_blank\"><img loading=\"lazy\" decoding=\"async\" class=\"size-full wp-image-248 aligncenter\" src=\"https:\/\/www.millandwell.com\/wp-content\/uploads\/2016\/04\/finewaters_award-1.png\" alt=\"finewaters_award\" width=\"408\" height=\"272\" \/><\/a><br \/>\n<a style=\"text-decoration: none; color: #ffffff;\" href=\"https:\/\/www.millandwell.com\/da\/products\/\"><span style=\"display: inline-block; padding: 2px 45px; margin-top: 10px; border: solid 1px #ffffff; border-radius: 20px; text-align: center;\">G\u00e5 til produkter<\/span><\/a><\/p>\n<p><\/p>","protected":false},"excerpt":{"rendered":"<p>&#8220;Krusm\u00f8lle Kilde wins for slightly cheeky label, but mainly for overall elegance of the bottle.&#8221; &#8211; udtalelse fra Fine Waters 2012 i kategorien: &#8220;Bedste nye flaske i glas&#8221; Smagsoplevelser starter ved f\u00f8rste \u00f8jekast. Derfor har det fra starten v\u00e6ret afg\u00f8rende for os, at designe en flaske der forst\u00e6rker smagsoplevelsen. Et rent design, der g\u00f8r, at [&hellip;]<\/p>\n","protected":false},"author":3,"featured_media":168,"parent":196,"menu_order":0,"comment_status":"closed","ping_status":"closed","template":"","meta":{"_acf_changed":false,"footnotes":""},"class_list":["post-247","page","type-page","status-publish","has-post-thumbnail","hentry"],"acf":[],"yoast_head":"<!-- This site is optimized with the Yoast SEO plugin v27.4 - https:\/\/yoast.com\/product\/yoast-seo-wordpress\/ -->\n<title>Prisvindende kildevand - Mill and well<\/title>\n<meta name=\"robots\" content=\"index, follow, max-snippet:-1, max-image-preview:large, max-video-preview:-1\" \/>\n<link rel=\"canonical\" href=\"https:\/\/www.millandwell.com\/om-os\/prisvindende-kildevand\/\" \/>\n<meta property=\"og:locale\" content=\"da_DK\" \/>\n<meta property=\"og:type\" content=\"article\" \/>\n<meta property=\"og:title\" content=\"[:en]Award winning design[:da]Prisvindende kildevand[:] - Mill and well\" \/>\n<meta property=\"og:description\" content=\"&#8220;Krusm\u00f8lle Kilde wins for slightly cheeky label, but mainly for overall elegance of the bottle.&#8221; &#8211; udtalelse fra Fine Waters 2012 i kategorien: &#8220;Bedste nye flaske i glas&#8221; Smagsoplevelser starter ved f\u00f8rste \u00f8jekast. Derfor har det fra starten v\u00e6ret afg\u00f8rende for os, at designe en flaske der forst\u00e6rker smagsoplevelsen. Et rent design, der g\u00f8r, at [&hellip;]\" \/>\n<meta property=\"og:url\" content=\"https:\/\/www.millandwell.com\/om-os\/prisvindende-kildevand\/\" \/>\n<meta property=\"og:site_name\" content=\"Mill and well\" \/>\n<meta property=\"article:modified_time\" content=\"2016-04-27T14:24:52+00:00\" \/>\n<meta property=\"og:image\" content=\"https:\/\/www.millandwell.com\/wp-content\/uploads\/2015\/11\/products-bg_waterfall.jpg\" \/>\n\t<meta property=\"og:image:width\" content=\"1440\" \/>\n\t<meta property=\"og:image:height\" content=\"953\" \/>\n\t<meta property=\"og:image:type\" content=\"image\/jpeg\" \/>\n<meta name=\"twitter:card\" content=\"summary_large_image\" \/>\n<meta name=\"twitter:label1\" content=\"Estimeret l\u00e6setid\" \/>\n\t<meta name=\"twitter:data1\" content=\"1 minut\" \/>\n<script type=\"application\/ld+json\" class=\"yoast-schema-graph\">{\"@context\":\"https:\\\/\\\/schema.org\",\"@graph\":[{\"@type\":\"WebPage\",\"@id\":\"https:\\\/\\\/www.millandwell.com\\\/om-os\\\/prisvindende-kildevand\\\/\",\"url\":\"https:\\\/\\\/www.millandwell.com\\\/om-os\\\/prisvindende-kildevand\\\/\",\"name\":\"[:en]Award winning design[:da]Prisvindende kildevand[:] - Mill and well\",\"isPartOf\":{\"@id\":\"https:\\\/\\\/www.millandwell.com\\\/#website\"},\"primaryImageOfPage\":{\"@id\":\"https:\\\/\\\/www.millandwell.com\\\/om-os\\\/prisvindende-kildevand\\\/#primaryimage\"},\"image\":{\"@id\":\"https:\\\/\\\/www.millandwell.com\\\/om-os\\\/prisvindende-kildevand\\\/#primaryimage\"},\"thumbnailUrl\":\"https:\\\/\\\/www.millandwell.com\\\/wp-content\\\/uploads\\\/2015\\\/11\\\/products-bg_waterfall.jpg\",\"datePublished\":\"2016-04-27T14:03:22+00:00\",\"dateModified\":\"2016-04-27T14:24:52+00:00\",\"breadcrumb\":{\"@id\":\"https:\\\/\\\/www.millandwell.com\\\/om-os\\\/prisvindende-kildevand\\\/#breadcrumb\"},\"inLanguage\":\"da-DK\",\"potentialAction\":[{\"@type\":\"ReadAction\",\"target\":[\"https:\\\/\\\/www.millandwell.com\\\/om-os\\\/prisvindende-kildevand\\\/\"]}]},{\"@type\":\"ImageObject\",\"inLanguage\":\"da-DK\",\"@id\":\"https:\\\/\\\/www.millandwell.com\\\/om-os\\\/prisvindende-kildevand\\\/#primaryimage\",\"url\":\"https:\\\/\\\/www.millandwell.com\\\/wp-content\\\/uploads\\\/2015\\\/11\\\/products-bg_waterfall.jpg\",\"contentUrl\":\"https:\\\/\\\/www.millandwell.com\\\/wp-content\\\/uploads\\\/2015\\\/11\\\/products-bg_waterfall.jpg\",\"width\":1440,\"height\":953},{\"@type\":\"BreadcrumbList\",\"@id\":\"https:\\\/\\\/www.millandwell.com\\\/om-os\\\/prisvindende-kildevand\\\/#breadcrumb\",\"itemListElement\":[{\"@type\":\"ListItem\",\"position\":1,\"name\":\"Home\",\"item\":\"https:\\\/\\\/www.millandwell.com\\\/\"},{\"@type\":\"ListItem\",\"position\":2,\"name\":\"About us\",\"item\":\"https:\\\/\\\/www.millandwell.com\\\/om-os\\\/\"},{\"@type\":\"ListItem\",\"position\":3,\"name\":\"Award winning design\"}]},{\"@type\":\"WebSite\",\"@id\":\"https:\\\/\\\/www.millandwell.com\\\/#website\",\"url\":\"https:\\\/\\\/www.millandwell.com\\\/\",\"name\":\"Mill and well\",\"description\":\"Kildevand fra en af Danmarks eneste artesiske kilder\",\"potentialAction\":[{\"@type\":\"SearchAction\",\"target\":{\"@type\":\"EntryPoint\",\"urlTemplate\":\"https:\\\/\\\/www.millandwell.com\\\/?s={search_term_string}\"},\"query-input\":{\"@type\":\"PropertyValueSpecification\",\"valueRequired\":true,\"valueName\":\"search_term_string\"}}],\"inLanguage\":\"da-DK\"}]}<\/script>\n<!-- \/ Yoast SEO plugin. -->","yoast_head_json":{"title":"[:en]Award winning design[:da]Prisvindende kildevand[:] - Mill and well","robots":{"index":"index","follow":"follow","max-snippet":"max-snippet:-1","max-image-preview":"max-image-preview:large","max-video-preview":"max-video-preview:-1"},"canonical":"https:\/\/www.millandwell.com\/om-os\/prisvindende-kildevand\/","og_locale":"da_DK","og_type":"article","og_title":"[:en]Award winning design[:da]Prisvindende kildevand[:] - Mill and well","og_description":"&#8220;Krusm\u00f8lle Kilde wins for slightly cheeky label, but mainly for overall elegance of the bottle.&#8221; &#8211; udtalelse fra Fine Waters 2012 i kategorien: &#8220;Bedste nye flaske i glas&#8221; Smagsoplevelser starter ved f\u00f8rste \u00f8jekast. Derfor har det fra starten v\u00e6ret afg\u00f8rende for os, at designe en flaske der forst\u00e6rker smagsoplevelsen. Et rent design, der g\u00f8r, at [&hellip;]","og_url":"https:\/\/www.millandwell.com\/om-os\/prisvindende-kildevand\/","og_site_name":"Mill and well","article_modified_time":"2016-04-27T14:24:52+00:00","og_image":[{"width":1440,"height":953,"url":"https:\/\/www.millandwell.com\/wp-content\/uploads\/2015\/11\/products-bg_waterfall.jpg","type":"image\/jpeg"}],"twitter_card":"summary_large_image","twitter_misc":{"Estimeret l\u00e6setid":"1 minut"},"schema":{"@context":"https:\/\/schema.org","@graph":[{"@type":"WebPage","@id":"https:\/\/www.millandwell.com\/om-os\/prisvindende-kildevand\/","url":"https:\/\/www.millandwell.com\/om-os\/prisvindende-kildevand\/","name":"[:en]Award winning design[:da]Prisvindende kildevand[:] - Mill and well","isPartOf":{"@id":"https:\/\/www.millandwell.com\/#website"},"primaryImageOfPage":{"@id":"https:\/\/www.millandwell.com\/om-os\/prisvindende-kildevand\/#primaryimage"},"image":{"@id":"https:\/\/www.millandwell.com\/om-os\/prisvindende-kildevand\/#primaryimage"},"thumbnailUrl":"https:\/\/www.millandwell.com\/wp-content\/uploads\/2015\/11\/products-bg_waterfall.jpg","datePublished":"2016-04-27T14:03:22+00:00","dateModified":"2016-04-27T14:24:52+00:00","breadcrumb":{"@id":"https:\/\/www.millandwell.com\/om-os\/prisvindende-kildevand\/#breadcrumb"},"inLanguage":"da-DK","potentialAction":[{"@type":"ReadAction","target":["https:\/\/www.millandwell.com\/om-os\/prisvindende-kildevand\/"]}]},{"@type":"ImageObject","inLanguage":"da-DK","@id":"https:\/\/www.millandwell.com\/om-os\/prisvindende-kildevand\/#primaryimage","url":"https:\/\/www.millandwell.com\/wp-content\/uploads\/2015\/11\/products-bg_waterfall.jpg","contentUrl":"https:\/\/www.millandwell.com\/wp-content\/uploads\/2015\/11\/products-bg_waterfall.jpg","width":1440,"height":953},{"@type":"BreadcrumbList","@id":"https:\/\/www.millandwell.com\/om-os\/prisvindende-kildevand\/#breadcrumb","itemListElement":[{"@type":"ListItem","position":1,"name":"Home","item":"https:\/\/www.millandwell.com\/"},{"@type":"ListItem","position":2,"name":"About us","item":"https:\/\/www.millandwell.com\/om-os\/"},{"@type":"ListItem","position":3,"name":"Award winning design"}]},{"@type":"WebSite","@id":"https:\/\/www.millandwell.com\/#website","url":"https:\/\/www.millandwell.com\/","name":"Mill and well","description":"Kildevand fra en af Danmarks eneste artesiske kilder","potentialAction":[{"@type":"SearchAction","target":{"@type":"EntryPoint","urlTemplate":"https:\/\/www.millandwell.com\/?s={search_term_string}"},"query-input":{"@type":"PropertyValueSpecification","valueRequired":true,"valueName":"search_term_string"}}],"inLanguage":"da-DK"}]}},"_links":{"self":[{"href":"https:\/\/www.millandwell.com\/da\/wp-json\/wp\/v2\/pages\/247","targetHints":{"allow":["GET"]}}],"collection":[{"href":"https:\/\/www.millandwell.com\/da\/wp-json\/wp\/v2\/pages"}],"about":[{"href":"https:\/\/www.millandwell.com\/da\/wp-json\/wp\/v2\/types\/page"}],"author":[{"embeddable":true,"href":"https:\/\/www.millandwell.com\/da\/wp-json\/wp\/v2\/users\/3"}],"replies":[{"embeddable":true,"href":"https:\/\/www.millandwell.com\/da\/wp-json\/wp\/v2\/comments?post=247"}],"version-history":[{"count":19,"href":"https:\/\/www.millandwell.com\/da\/wp-json\/wp\/v2\/pages\/247\/revisions"}],"predecessor-version":[{"id":268,"href":"https:\/\/www.millandwell.com\/da\/wp-json\/wp\/v2\/pages\/247\/revisions\/268"}],"up":[{"embeddable":true,"href":"https:\/\/www.millandwell.com\/da\/wp-json\/wp\/v2\/pages\/196"}],"wp:featuredmedia":[{"embeddable":true,"href":"https:\/\/www.millandwell.com\/da\/wp-json\/wp\/v2\/media\/168"}],"wp:attachment":[{"href":"https:\/\/www.millandwell.com\/da\/wp-json\/wp\/v2\/media?parent=247"}],"curies":[{"name":"wp","href":"https:\/\/api.w.org\/{rel}","templated":true}]}}