{"id":226,"date":"2016-04-27T13:07:57","date_gmt":"2016-04-27T13:07:57","guid":{"rendered":"https:\/\/www.millandwell.com\/?page_id=226"},"modified":"2016-04-27T13:57:37","modified_gmt":"2016-04-27T13:57:37","slug":"vores-kunder","status":"publish","type":"page","link":"https:\/\/www.millandwell.com\/da\/om-os\/vores-kunder\/","title":{"rendered":"Vores kunder"},"content":{"rendered":"<p><\/p>\n<p style=\"text-align: center;\">Vores kunder g\u00e5r ikke p\u00e5 kompromis.<br \/>\nDe er drevet af en dyb passion, og har en n\u00e5desl\u00f8s tilgang i forhold til altid, at servere den ypperste kvalitet.<\/p>\n<div class=\"section group\">\n<div class=\"col span_1_of_3\"><img decoding=\"async\" src=\"\/wp-content\/uploads\/2016\/04\/schackenborg.png\"><\/p>\n<p style=\"text-align: center;\">Schackenborg Slotskro<\/p>\n<\/div>\n<div class=\"col span_1_of_3\"><img decoding=\"async\" src=\"\/wp-content\/uploads\/2016\/04\/hotelsvanen.png\"><\/p>\n<p style=\"text-align: center;\">Hotel Svanen<\/p>\n<\/div>\n<div class=\"col span_1_of_3\"><img decoding=\"async\" src=\"\/wp-content\/uploads\/2016\/04\/kolvig.png\"><\/p>\n<p style=\"text-align: center;\">Kolvig Restaurant &#038; Cafe<\/p>\n<\/div>\n<\/div>\n<p style=\"text-align: center;\">Vores kunder skaber oplevelser for deres kunder. Oplevelser der ikke blot m\u00e5les p\u00e5 smag, men ogs\u00e5 p\u00e5 hvad, der m\u00f8der kundens \u00f8je. Sammenh\u00e6ngende oplevelser med blik for enhver detalje, som kunderne har lyst til at dele med hinanden og omverdenen.<\/p>\n<p>&nbsp;<\/p>\n<h3 class=\"subtitle\">Instagram &#8211; #millandwell<\/h3>\n<p>\t\t<div id=\"sbi_mod_error\" >\n\t\t\t<span>This error message is only visible to WordPress admins<\/span><br\/>\n\t\t\t<p><strong>Error: No feed found.<\/strong>\n\t\t\t<p>Please go to the Instagram Feed settings page to create a feed.<\/p>\n\t\t<\/div>\n\t\t<\/p>","protected":false},"excerpt":{"rendered":"<p>Vores kunder g\u00e5r ikke p\u00e5 kompromis. De er drevet af en dyb passion, og har en n\u00e5desl\u00f8s tilgang i forhold til altid, at servere den ypperste kvalitet. Schackenborg Slotskro Hotel Svanen Kolvig Restaurant &#038; Cafe Vores kunder skaber oplevelser for deres kunder. Oplevelser der ikke blot m\u00e5les p\u00e5 smag, men ogs\u00e5 p\u00e5 hvad, der m\u00f8der [&hellip;]<\/p>\n","protected":false},"author":3,"featured_media":151,"parent":196,"menu_order":0,"comment_status":"closed","ping_status":"closed","template":"","meta":{"_acf_changed":false,"footnotes":""},"class_list":["post-226","page","type-page","status-publish","has-post-thumbnail","hentry"],"acf":[],"yoast_head":"<!-- This site is optimized with the Yoast SEO plugin v27.4 - https:\/\/yoast.com\/product\/yoast-seo-wordpress\/ -->\n<title>Vores kunder - Mill and well<\/title>\n<meta name=\"robots\" content=\"index, follow, max-snippet:-1, max-image-preview:large, max-video-preview:-1\" \/>\n<link rel=\"canonical\" href=\"https:\/\/www.millandwell.com\/om-os\/vores-kunder\/\" \/>\n<meta property=\"og:locale\" content=\"da_DK\" \/>\n<meta property=\"og:type\" content=\"article\" \/>\n<meta property=\"og:title\" content=\"[:en]Our costumers[:da]Vores kunder[:] - Mill and well\" \/>\n<meta property=\"og:description\" content=\"Vores kunder g\u00e5r ikke p\u00e5 kompromis. De er drevet af en dyb passion, og har en n\u00e5desl\u00f8s tilgang i forhold til altid, at servere den ypperste kvalitet. Schackenborg Slotskro Hotel Svanen Kolvig Restaurant &#038; Cafe Vores kunder skaber oplevelser for deres kunder. Oplevelser der ikke blot m\u00e5les p\u00e5 smag, men ogs\u00e5 p\u00e5 hvad, der m\u00f8der [&hellip;]\" \/>\n<meta property=\"og:url\" content=\"https:\/\/www.millandwell.com\/om-os\/vores-kunder\/\" \/>\n<meta property=\"og:site_name\" content=\"Mill and well\" \/>\n<meta property=\"article:modified_time\" content=\"2016-04-27T13:57:37+00:00\" \/>\n<meta property=\"og:image\" content=\"https:\/\/www.millandwell.com\/wp-content\/uploads\/2015\/11\/map-bg.jpg\" \/>\n\t<meta property=\"og:image:width\" content=\"1440\" \/>\n\t<meta property=\"og:image:height\" content=\"1350\" \/>\n\t<meta property=\"og:image:type\" content=\"image\/jpeg\" \/>\n<meta name=\"twitter:card\" content=\"summary_large_image\" \/>\n<meta name=\"twitter:label1\" content=\"Estimeret l\u00e6setid\" \/>\n\t<meta name=\"twitter:data1\" content=\"1 minut\" \/>\n<script type=\"application\/ld+json\" class=\"yoast-schema-graph\">{\"@context\":\"https:\\\/\\\/schema.org\",\"@graph\":[{\"@type\":\"WebPage\",\"@id\":\"https:\\\/\\\/www.millandwell.com\\\/om-os\\\/vores-kunder\\\/\",\"url\":\"https:\\\/\\\/www.millandwell.com\\\/om-os\\\/vores-kunder\\\/\",\"name\":\"[:en]Our costumers[:da]Vores kunder[:] - Mill and well\",\"isPartOf\":{\"@id\":\"https:\\\/\\\/www.millandwell.com\\\/#website\"},\"primaryImageOfPage\":{\"@id\":\"https:\\\/\\\/www.millandwell.com\\\/om-os\\\/vores-kunder\\\/#primaryimage\"},\"image\":{\"@id\":\"https:\\\/\\\/www.millandwell.com\\\/om-os\\\/vores-kunder\\\/#primaryimage\"},\"thumbnailUrl\":\"https:\\\/\\\/www.millandwell.com\\\/wp-content\\\/uploads\\\/2015\\\/11\\\/map-bg.jpg\",\"datePublished\":\"2016-04-27T13:07:57+00:00\",\"dateModified\":\"2016-04-27T13:57:37+00:00\",\"breadcrumb\":{\"@id\":\"https:\\\/\\\/www.millandwell.com\\\/om-os\\\/vores-kunder\\\/#breadcrumb\"},\"inLanguage\":\"da-DK\",\"potentialAction\":[{\"@type\":\"ReadAction\",\"target\":[\"https:\\\/\\\/www.millandwell.com\\\/om-os\\\/vores-kunder\\\/\"]}]},{\"@type\":\"ImageObject\",\"inLanguage\":\"da-DK\",\"@id\":\"https:\\\/\\\/www.millandwell.com\\\/om-os\\\/vores-kunder\\\/#primaryimage\",\"url\":\"https:\\\/\\\/www.millandwell.com\\\/wp-content\\\/uploads\\\/2015\\\/11\\\/map-bg.jpg\",\"contentUrl\":\"https:\\\/\\\/www.millandwell.com\\\/wp-content\\\/uploads\\\/2015\\\/11\\\/map-bg.jpg\",\"width\":1440,\"height\":1350},{\"@type\":\"BreadcrumbList\",\"@id\":\"https:\\\/\\\/www.millandwell.com\\\/om-os\\\/vores-kunder\\\/#breadcrumb\",\"itemListElement\":[{\"@type\":\"ListItem\",\"position\":1,\"name\":\"Home\",\"item\":\"https:\\\/\\\/www.millandwell.com\\\/\"},{\"@type\":\"ListItem\",\"position\":2,\"name\":\"About us\",\"item\":\"https:\\\/\\\/www.millandwell.com\\\/om-os\\\/\"},{\"@type\":\"ListItem\",\"position\":3,\"name\":\"Our costumers\"}]},{\"@type\":\"WebSite\",\"@id\":\"https:\\\/\\\/www.millandwell.com\\\/#website\",\"url\":\"https:\\\/\\\/www.millandwell.com\\\/\",\"name\":\"Mill and well\",\"description\":\"Kildevand fra en af Danmarks eneste artesiske kilder\",\"potentialAction\":[{\"@type\":\"SearchAction\",\"target\":{\"@type\":\"EntryPoint\",\"urlTemplate\":\"https:\\\/\\\/www.millandwell.com\\\/?s={search_term_string}\"},\"query-input\":{\"@type\":\"PropertyValueSpecification\",\"valueRequired\":true,\"valueName\":\"search_term_string\"}}],\"inLanguage\":\"da-DK\"}]}<\/script>\n<!-- \/ Yoast SEO plugin. -->","yoast_head_json":{"title":"[:en]Our costumers[:da]Vores kunder[:] - Mill and well","robots":{"index":"index","follow":"follow","max-snippet":"max-snippet:-1","max-image-preview":"max-image-preview:large","max-video-preview":"max-video-preview:-1"},"canonical":"https:\/\/www.millandwell.com\/om-os\/vores-kunder\/","og_locale":"da_DK","og_type":"article","og_title":"[:en]Our costumers[:da]Vores kunder[:] - Mill and well","og_description":"Vores kunder g\u00e5r ikke p\u00e5 kompromis. De er drevet af en dyb passion, og har en n\u00e5desl\u00f8s tilgang i forhold til altid, at servere den ypperste kvalitet. Schackenborg Slotskro Hotel Svanen Kolvig Restaurant &#038; Cafe Vores kunder skaber oplevelser for deres kunder. Oplevelser der ikke blot m\u00e5les p\u00e5 smag, men ogs\u00e5 p\u00e5 hvad, der m\u00f8der [&hellip;]","og_url":"https:\/\/www.millandwell.com\/om-os\/vores-kunder\/","og_site_name":"Mill and well","article_modified_time":"2016-04-27T13:57:37+00:00","og_image":[{"width":1440,"height":1350,"url":"https:\/\/www.millandwell.com\/wp-content\/uploads\/2015\/11\/map-bg.jpg","type":"image\/jpeg"}],"twitter_card":"summary_large_image","twitter_misc":{"Estimeret l\u00e6setid":"1 minut"},"schema":{"@context":"https:\/\/schema.org","@graph":[{"@type":"WebPage","@id":"https:\/\/www.millandwell.com\/om-os\/vores-kunder\/","url":"https:\/\/www.millandwell.com\/om-os\/vores-kunder\/","name":"[:en]Our costumers[:da]Vores kunder[:] - Mill and well","isPartOf":{"@id":"https:\/\/www.millandwell.com\/#website"},"primaryImageOfPage":{"@id":"https:\/\/www.millandwell.com\/om-os\/vores-kunder\/#primaryimage"},"image":{"@id":"https:\/\/www.millandwell.com\/om-os\/vores-kunder\/#primaryimage"},"thumbnailUrl":"https:\/\/www.millandwell.com\/wp-content\/uploads\/2015\/11\/map-bg.jpg","datePublished":"2016-04-27T13:07:57+00:00","dateModified":"2016-04-27T13:57:37+00:00","breadcrumb":{"@id":"https:\/\/www.millandwell.com\/om-os\/vores-kunder\/#breadcrumb"},"inLanguage":"da-DK","potentialAction":[{"@type":"ReadAction","target":["https:\/\/www.millandwell.com\/om-os\/vores-kunder\/"]}]},{"@type":"ImageObject","inLanguage":"da-DK","@id":"https:\/\/www.millandwell.com\/om-os\/vores-kunder\/#primaryimage","url":"https:\/\/www.millandwell.com\/wp-content\/uploads\/2015\/11\/map-bg.jpg","contentUrl":"https:\/\/www.millandwell.com\/wp-content\/uploads\/2015\/11\/map-bg.jpg","width":1440,"height":1350},{"@type":"BreadcrumbList","@id":"https:\/\/www.millandwell.com\/om-os\/vores-kunder\/#breadcrumb","itemListElement":[{"@type":"ListItem","position":1,"name":"Home","item":"https:\/\/www.millandwell.com\/"},{"@type":"ListItem","position":2,"name":"About us","item":"https:\/\/www.millandwell.com\/om-os\/"},{"@type":"ListItem","position":3,"name":"Our costumers"}]},{"@type":"WebSite","@id":"https:\/\/www.millandwell.com\/#website","url":"https:\/\/www.millandwell.com\/","name":"Mill and well","description":"Kildevand fra en af Danmarks eneste artesiske kilder","potentialAction":[{"@type":"SearchAction","target":{"@type":"EntryPoint","urlTemplate":"https:\/\/www.millandwell.com\/?s={search_term_string}"},"query-input":{"@type":"PropertyValueSpecification","valueRequired":true,"valueName":"search_term_string"}}],"inLanguage":"da-DK"}]}},"_links":{"self":[{"href":"https:\/\/www.millandwell.com\/da\/wp-json\/wp\/v2\/pages\/226","targetHints":{"allow":["GET"]}}],"collection":[{"href":"https:\/\/www.millandwell.com\/da\/wp-json\/wp\/v2\/pages"}],"about":[{"href":"https:\/\/www.millandwell.com\/da\/wp-json\/wp\/v2\/types\/page"}],"author":[{"embeddable":true,"href":"https:\/\/www.millandwell.com\/da\/wp-json\/wp\/v2\/users\/3"}],"replies":[{"embeddable":true,"href":"https:\/\/www.millandwell.com\/da\/wp-json\/wp\/v2\/comments?post=226"}],"version-history":[{"count":17,"href":"https:\/\/www.millandwell.com\/da\/wp-json\/wp\/v2\/pages\/226\/revisions"}],"predecessor-version":[{"id":246,"href":"https:\/\/www.millandwell.com\/da\/wp-json\/wp\/v2\/pages\/226\/revisions\/246"}],"up":[{"embeddable":true,"href":"https:\/\/www.millandwell.com\/da\/wp-json\/wp\/v2\/pages\/196"}],"wp:featuredmedia":[{"embeddable":true,"href":"https:\/\/www.millandwell.com\/da\/wp-json\/wp\/v2\/media\/151"}],"wp:attachment":[{"href":"https:\/\/www.millandwell.com\/da\/wp-json\/wp\/v2\/media?parent=226"}],"curies":[{"name":"wp","href":"https:\/\/api.w.org\/{rel}","templated":true}]}}