{"id":210,"date":"2016-04-05T12:31:13","date_gmt":"2016-04-05T12:31:13","guid":{"rendered":"http:\/\/www.millandwell.com\/?page_id=210"},"modified":"2016-04-27T14:27:11","modified_gmt":"2016-04-27T14:27:11","slug":"produktion","status":"publish","type":"page","link":"https:\/\/www.millandwell.com\/da\/products\/produktion\/","title":{"rendered":"Produktion"},"content":{"rendered":"<p><\/p>\n<h2 style=\"text-align: center;\"><strong>Vand er ikke bare vand, og god smag er ikke en tilf\u00e6ldighed.<\/strong><\/h2>\n<p style=\"text-align: center;\">Vi tror p\u00e5, at for at opn\u00e5 den bedst mulige smag, m\u00e5 man bevare vandets naturlige struktur. Derfor pumper vi ikke vandet op fra undergrunden, eller fragter vandet til et eksternt tapperi i store containere. Vi tapper vores kildevand direkte ved overfladen, hvor kilden har sit naturlige udspring, og vandet bev\u00e6ger sig blot 10 meter, fra udspring til flaske. Vores produktionsudstyr har specialfremstillede runde r\u00f8r, s\u00e5 vi undg\u00e5r kn\u00e6k og derved bevarer strukturen i vandet. <\/p>\n<p style=\"text-align: center;\">Kald os bare fanatikere, men tro os \u2013 god smag er ikke en tilf\u00e6ldighed.<\/p>\n<p><\/p>","protected":false},"excerpt":{"rendered":"<p>Vand er ikke bare vand, og god smag er ikke en tilf\u00e6ldighed. Vi tror p\u00e5, at for at opn\u00e5 den bedst mulige smag, m\u00e5 man bevare vandets naturlige struktur. Derfor pumper vi ikke vandet op fra undergrunden, eller fragter vandet til et eksternt tapperi i store containere. Vi tapper vores kildevand direkte ved overfladen, hvor [&hellip;]<\/p>\n","protected":false},"author":3,"featured_media":152,"parent":93,"menu_order":0,"comment_status":"closed","ping_status":"closed","template":"","meta":{"_acf_changed":false,"footnotes":""},"class_list":["post-210","page","type-page","status-publish","has-post-thumbnail","hentry"],"acf":[],"yoast_head":"<!-- This site is optimized with the Yoast SEO plugin v27.4 - https:\/\/yoast.com\/product\/yoast-seo-wordpress\/ -->\n<title>Produktion - Mill and well<\/title>\n<meta name=\"robots\" content=\"index, follow, max-snippet:-1, max-image-preview:large, max-video-preview:-1\" \/>\n<link rel=\"canonical\" href=\"https:\/\/www.millandwell.com\/products\/produktion\/\" \/>\n<meta property=\"og:locale\" content=\"da_DK\" \/>\n<meta property=\"og:type\" content=\"article\" \/>\n<meta property=\"og:title\" content=\"[:en]Production[:da]Produktion[:] - Mill and well\" \/>\n<meta property=\"og:description\" content=\"Vand er ikke bare vand, og god smag er ikke en tilf\u00e6ldighed. Vi tror p\u00e5, at for at opn\u00e5 den bedst mulige smag, m\u00e5 man bevare vandets naturlige struktur. Derfor pumper vi ikke vandet op fra undergrunden, eller fragter vandet til et eksternt tapperi i store containere. Vi tapper vores kildevand direkte ved overfladen, hvor [&hellip;]\" \/>\n<meta property=\"og:url\" content=\"https:\/\/www.millandwell.com\/products\/produktion\/\" \/>\n<meta property=\"og:site_name\" content=\"Mill and well\" \/>\n<meta property=\"article:modified_time\" content=\"2016-04-27T14:27:11+00:00\" \/>\n<meta property=\"og:image\" content=\"https:\/\/www.millandwell.com\/wp-content\/uploads\/2015\/11\/history-bg2.jpg\" \/>\n\t<meta property=\"og:image:width\" content=\"1440\" \/>\n\t<meta property=\"og:image:height\" content=\"1028\" \/>\n\t<meta property=\"og:image:type\" content=\"image\/jpeg\" \/>\n<meta name=\"twitter:card\" content=\"summary_large_image\" \/>\n<meta name=\"twitter:label1\" content=\"Estimeret l\u00e6setid\" \/>\n\t<meta name=\"twitter:data1\" content=\"1 minut\" \/>\n<script type=\"application\/ld+json\" class=\"yoast-schema-graph\">{\"@context\":\"https:\\\/\\\/schema.org\",\"@graph\":[{\"@type\":\"WebPage\",\"@id\":\"https:\\\/\\\/www.millandwell.com\\\/products\\\/produktion\\\/\",\"url\":\"https:\\\/\\\/www.millandwell.com\\\/products\\\/produktion\\\/\",\"name\":\"[:en]Production[:da]Produktion[:] - Mill and well\",\"isPartOf\":{\"@id\":\"https:\\\/\\\/www.millandwell.com\\\/#website\"},\"primaryImageOfPage\":{\"@id\":\"https:\\\/\\\/www.millandwell.com\\\/products\\\/produktion\\\/#primaryimage\"},\"image\":{\"@id\":\"https:\\\/\\\/www.millandwell.com\\\/products\\\/produktion\\\/#primaryimage\"},\"thumbnailUrl\":\"https:\\\/\\\/www.millandwell.com\\\/wp-content\\\/uploads\\\/2015\\\/11\\\/history-bg2.jpg\",\"datePublished\":\"2016-04-05T12:31:13+00:00\",\"dateModified\":\"2016-04-27T14:27:11+00:00\",\"breadcrumb\":{\"@id\":\"https:\\\/\\\/www.millandwell.com\\\/products\\\/produktion\\\/#breadcrumb\"},\"inLanguage\":\"da-DK\",\"potentialAction\":[{\"@type\":\"ReadAction\",\"target\":[\"https:\\\/\\\/www.millandwell.com\\\/products\\\/produktion\\\/\"]}]},{\"@type\":\"ImageObject\",\"inLanguage\":\"da-DK\",\"@id\":\"https:\\\/\\\/www.millandwell.com\\\/products\\\/produktion\\\/#primaryimage\",\"url\":\"https:\\\/\\\/www.millandwell.com\\\/wp-content\\\/uploads\\\/2015\\\/11\\\/history-bg2.jpg\",\"contentUrl\":\"https:\\\/\\\/www.millandwell.com\\\/wp-content\\\/uploads\\\/2015\\\/11\\\/history-bg2.jpg\",\"width\":1440,\"height\":1028},{\"@type\":\"BreadcrumbList\",\"@id\":\"https:\\\/\\\/www.millandwell.com\\\/products\\\/produktion\\\/#breadcrumb\",\"itemListElement\":[{\"@type\":\"ListItem\",\"position\":1,\"name\":\"Home\",\"item\":\"https:\\\/\\\/www.millandwell.com\\\/\"},{\"@type\":\"ListItem\",\"position\":2,\"name\":\"Products\",\"item\":\"https:\\\/\\\/www.millandwell.com\\\/products\\\/\"},{\"@type\":\"ListItem\",\"position\":3,\"name\":\"Production\"}]},{\"@type\":\"WebSite\",\"@id\":\"https:\\\/\\\/www.millandwell.com\\\/#website\",\"url\":\"https:\\\/\\\/www.millandwell.com\\\/\",\"name\":\"Mill and well\",\"description\":\"Kildevand fra en af Danmarks eneste artesiske kilder\",\"potentialAction\":[{\"@type\":\"SearchAction\",\"target\":{\"@type\":\"EntryPoint\",\"urlTemplate\":\"https:\\\/\\\/www.millandwell.com\\\/?s={search_term_string}\"},\"query-input\":{\"@type\":\"PropertyValueSpecification\",\"valueRequired\":true,\"valueName\":\"search_term_string\"}}],\"inLanguage\":\"da-DK\"}]}<\/script>\n<!-- \/ Yoast SEO plugin. -->","yoast_head_json":{"title":"[:en]Production[:da]Produktion[:] - Mill and well","robots":{"index":"index","follow":"follow","max-snippet":"max-snippet:-1","max-image-preview":"max-image-preview:large","max-video-preview":"max-video-preview:-1"},"canonical":"https:\/\/www.millandwell.com\/products\/produktion\/","og_locale":"da_DK","og_type":"article","og_title":"[:en]Production[:da]Produktion[:] - Mill and well","og_description":"Vand er ikke bare vand, og god smag er ikke en tilf\u00e6ldighed. Vi tror p\u00e5, at for at opn\u00e5 den bedst mulige smag, m\u00e5 man bevare vandets naturlige struktur. Derfor pumper vi ikke vandet op fra undergrunden, eller fragter vandet til et eksternt tapperi i store containere. Vi tapper vores kildevand direkte ved overfladen, hvor [&hellip;]","og_url":"https:\/\/www.millandwell.com\/products\/produktion\/","og_site_name":"Mill and well","article_modified_time":"2016-04-27T14:27:11+00:00","og_image":[{"width":1440,"height":1028,"url":"https:\/\/www.millandwell.com\/wp-content\/uploads\/2015\/11\/history-bg2.jpg","type":"image\/jpeg"}],"twitter_card":"summary_large_image","twitter_misc":{"Estimeret l\u00e6setid":"1 minut"},"schema":{"@context":"https:\/\/schema.org","@graph":[{"@type":"WebPage","@id":"https:\/\/www.millandwell.com\/products\/produktion\/","url":"https:\/\/www.millandwell.com\/products\/produktion\/","name":"[:en]Production[:da]Produktion[:] - Mill and well","isPartOf":{"@id":"https:\/\/www.millandwell.com\/#website"},"primaryImageOfPage":{"@id":"https:\/\/www.millandwell.com\/products\/produktion\/#primaryimage"},"image":{"@id":"https:\/\/www.millandwell.com\/products\/produktion\/#primaryimage"},"thumbnailUrl":"https:\/\/www.millandwell.com\/wp-content\/uploads\/2015\/11\/history-bg2.jpg","datePublished":"2016-04-05T12:31:13+00:00","dateModified":"2016-04-27T14:27:11+00:00","breadcrumb":{"@id":"https:\/\/www.millandwell.com\/products\/produktion\/#breadcrumb"},"inLanguage":"da-DK","potentialAction":[{"@type":"ReadAction","target":["https:\/\/www.millandwell.com\/products\/produktion\/"]}]},{"@type":"ImageObject","inLanguage":"da-DK","@id":"https:\/\/www.millandwell.com\/products\/produktion\/#primaryimage","url":"https:\/\/www.millandwell.com\/wp-content\/uploads\/2015\/11\/history-bg2.jpg","contentUrl":"https:\/\/www.millandwell.com\/wp-content\/uploads\/2015\/11\/history-bg2.jpg","width":1440,"height":1028},{"@type":"BreadcrumbList","@id":"https:\/\/www.millandwell.com\/products\/produktion\/#breadcrumb","itemListElement":[{"@type":"ListItem","position":1,"name":"Home","item":"https:\/\/www.millandwell.com\/"},{"@type":"ListItem","position":2,"name":"Products","item":"https:\/\/www.millandwell.com\/products\/"},{"@type":"ListItem","position":3,"name":"Production"}]},{"@type":"WebSite","@id":"https:\/\/www.millandwell.com\/#website","url":"https:\/\/www.millandwell.com\/","name":"Mill and well","description":"Kildevand fra en af Danmarks eneste artesiske kilder","potentialAction":[{"@type":"SearchAction","target":{"@type":"EntryPoint","urlTemplate":"https:\/\/www.millandwell.com\/?s={search_term_string}"},"query-input":{"@type":"PropertyValueSpecification","valueRequired":true,"valueName":"search_term_string"}}],"inLanguage":"da-DK"}]}},"_links":{"self":[{"href":"https:\/\/www.millandwell.com\/da\/wp-json\/wp\/v2\/pages\/210","targetHints":{"allow":["GET"]}}],"collection":[{"href":"https:\/\/www.millandwell.com\/da\/wp-json\/wp\/v2\/pages"}],"about":[{"href":"https:\/\/www.millandwell.com\/da\/wp-json\/wp\/v2\/types\/page"}],"author":[{"embeddable":true,"href":"https:\/\/www.millandwell.com\/da\/wp-json\/wp\/v2\/users\/3"}],"replies":[{"embeddable":true,"href":"https:\/\/www.millandwell.com\/da\/wp-json\/wp\/v2\/comments?post=210"}],"version-history":[{"count":1,"href":"https:\/\/www.millandwell.com\/da\/wp-json\/wp\/v2\/pages\/210\/revisions"}],"predecessor-version":[{"id":211,"href":"https:\/\/www.millandwell.com\/da\/wp-json\/wp\/v2\/pages\/210\/revisions\/211"}],"up":[{"embeddable":true,"href":"https:\/\/www.millandwell.com\/da\/wp-json\/wp\/v2\/pages\/93"}],"wp:featuredmedia":[{"embeddable":true,"href":"https:\/\/www.millandwell.com\/da\/wp-json\/wp\/v2\/media\/152"}],"wp:attachment":[{"href":"https:\/\/www.millandwell.com\/da\/wp-json\/wp\/v2\/media?parent=210"}],"curies":[{"name":"wp","href":"https:\/\/api.w.org\/{rel}","templated":true}]}}