{"id":2,"date":"2015-11-17T10:27:54","date_gmt":"2015-11-17T10:27:54","guid":{"rendered":"http:\/\/www.millandwell.com\/?page_id=2"},"modified":"2016-04-19T08:23:27","modified_gmt":"2016-04-19T08:23:27","slug":"water-source-life","status":"publish","type":"page","link":"https:\/\/www.millandwell.com\/da\/","title":{"rendered":"Vand er livets kilde"},"content":{"rendered":"<p>Vi kan takke vandet i vores undergrund for den frodige gr\u00f8nne danske natur. Selv de t\u00f8rreste steder i verden m\u00e5 vige for vandet, og n\u00e5r naturen vinder indpas, \u00e6ndrer den sine omgivelser og livet begynder. Derfor er det vand vi s\u00f8ger, n\u00e5r vi vender blikket op mod de uendelige afstande i det sorte rum. Vi ved, at hvis vi skal finde liv p\u00e5 fremmede verdener\u2026 m\u00e5 vi f\u00f8rst finde vand.<\/p>\n<p style=\"text-align: center;\">Mill&#038;Well \u2013 mere end bare vand.<\/p>\n<p style=\"text-align: center;\">Se <a href=\"\/products\">produkter<\/a><\/p>\n<p><\/p>","protected":false},"excerpt":{"rendered":"<p>Vi kan takke vandet i vores undergrund for den frodige gr\u00f8nne danske natur. Selv de t\u00f8rreste steder i verden m\u00e5 vige for vandet, og n\u00e5r naturen vinder indpas, \u00e6ndrer den sine omgivelser og livet begynder. Derfor er det vand vi s\u00f8ger, n\u00e5r vi vender blikket op mod de uendelige afstande i det sorte rum. Vi [&hellip;]<\/p>\n","protected":false},"author":3,"featured_media":177,"parent":0,"menu_order":0,"comment_status":"closed","ping_status":"open","template":"","meta":{"_acf_changed":false,"footnotes":""},"class_list":["post-2","page","type-page","status-publish","has-post-thumbnail","hentry"],"acf":[],"yoast_head":"<!-- This site is optimized with the Yoast SEO plugin v27.4 - https:\/\/yoast.com\/product\/yoast-seo-wordpress\/ -->\n<title>Vand er livets kilde - Mill and well<\/title>\n<meta name=\"description\" content=\"Mill &amp; Well is the purest water from one of the only artesian wells in Denmark\" \/>\n<meta name=\"robots\" content=\"index, follow, max-snippet:-1, max-image-preview:large, max-video-preview:-1\" \/>\n<link rel=\"canonical\" href=\"https:\/\/www.millandwell.com\/\" \/>\n<meta property=\"og:locale\" content=\"da_DK\" \/>\n<meta property=\"og:type\" content=\"article\" \/>\n<meta property=\"og:title\" content=\"[:en]Water is the source of life [:da]Vand er livets kilde[:] - Mill and well\" \/>\n<meta property=\"og:description\" content=\"Mill &amp; Well is the purest water from one of the only artesian wells in Denmark\" \/>\n<meta property=\"og:url\" content=\"https:\/\/www.millandwell.com\/\" \/>\n<meta property=\"og:site_name\" content=\"Mill and well\" \/>\n<meta property=\"article:modified_time\" content=\"2016-04-19T08:23:27+00:00\" \/>\n<meta property=\"og:image\" content=\"https:\/\/www.millandwell.com\/wp-content\/uploads\/2015\/11\/bg_test.jpg\" \/>\n\t<meta property=\"og:image:width\" content=\"1440\" \/>\n\t<meta property=\"og:image:height\" content=\"851\" \/>\n\t<meta property=\"og:image:type\" content=\"image\/jpeg\" \/>\n<meta name=\"twitter:card\" content=\"summary_large_image\" \/>\n<meta name=\"twitter:label1\" content=\"Estimeret l\u00e6setid\" \/>\n\t<meta name=\"twitter:data1\" content=\"1 minut\" \/>\n<script type=\"application\/ld+json\" class=\"yoast-schema-graph\">{\"@context\":\"https:\\\/\\\/schema.org\",\"@graph\":[{\"@type\":\"WebPage\",\"@id\":\"https:\\\/\\\/www.millandwell.com\\\/\",\"url\":\"https:\\\/\\\/www.millandwell.com\\\/\",\"name\":\"[:en]Water is the source of life [:da]Vand er livets kilde[:] - Mill and well\",\"isPartOf\":{\"@id\":\"https:\\\/\\\/www.millandwell.com\\\/#website\"},\"primaryImageOfPage\":{\"@id\":\"https:\\\/\\\/www.millandwell.com\\\/#primaryimage\"},\"image\":{\"@id\":\"https:\\\/\\\/www.millandwell.com\\\/#primaryimage\"},\"thumbnailUrl\":\"https:\\\/\\\/www.millandwell.com\\\/wp-content\\\/uploads\\\/2015\\\/11\\\/bg_test.jpg\",\"datePublished\":\"2015-11-17T10:27:54+00:00\",\"dateModified\":\"2016-04-19T08:23:27+00:00\",\"description\":\"Mill & Well is the purest water from one of the only artesian wells in Denmark\",\"breadcrumb\":{\"@id\":\"https:\\\/\\\/www.millandwell.com\\\/#breadcrumb\"},\"inLanguage\":\"da-DK\",\"potentialAction\":[{\"@type\":\"ReadAction\",\"target\":[\"https:\\\/\\\/www.millandwell.com\\\/\"]}]},{\"@type\":\"ImageObject\",\"inLanguage\":\"da-DK\",\"@id\":\"https:\\\/\\\/www.millandwell.com\\\/#primaryimage\",\"url\":\"https:\\\/\\\/www.millandwell.com\\\/wp-content\\\/uploads\\\/2015\\\/11\\\/bg_test.jpg\",\"contentUrl\":\"https:\\\/\\\/www.millandwell.com\\\/wp-content\\\/uploads\\\/2015\\\/11\\\/bg_test.jpg\",\"width\":1440,\"height\":851},{\"@type\":\"BreadcrumbList\",\"@id\":\"https:\\\/\\\/www.millandwell.com\\\/#breadcrumb\",\"itemListElement\":[{\"@type\":\"ListItem\",\"position\":1,\"name\":\"Home\",\"item\":\"https:\\\/\\\/www.millandwell.com\\\/\"},{\"@type\":\"ListItem\",\"position\":2,\"name\":\"Water is the source of life\"}]},{\"@type\":\"WebSite\",\"@id\":\"https:\\\/\\\/www.millandwell.com\\\/#website\",\"url\":\"https:\\\/\\\/www.millandwell.com\\\/\",\"name\":\"Mill and well\",\"description\":\"Kildevand fra en af Danmarks eneste artesiske kilder\",\"potentialAction\":[{\"@type\":\"SearchAction\",\"target\":{\"@type\":\"EntryPoint\",\"urlTemplate\":\"https:\\\/\\\/www.millandwell.com\\\/?s={search_term_string}\"},\"query-input\":{\"@type\":\"PropertyValueSpecification\",\"valueRequired\":true,\"valueName\":\"search_term_string\"}}],\"inLanguage\":\"da-DK\"}]}<\/script>\n<!-- \/ Yoast SEO plugin. -->","yoast_head_json":{"title":"[:en]Water is the source of life [:da]Vand er livets kilde[:] - Mill and well","description":"Mill & Well is the purest water from one of the only artesian wells in Denmark","robots":{"index":"index","follow":"follow","max-snippet":"max-snippet:-1","max-image-preview":"max-image-preview:large","max-video-preview":"max-video-preview:-1"},"canonical":"https:\/\/www.millandwell.com\/","og_locale":"da_DK","og_type":"article","og_title":"[:en]Water is the source of life [:da]Vand er livets kilde[:] - Mill and well","og_description":"Mill & Well is the purest water from one of the only artesian wells in Denmark","og_url":"https:\/\/www.millandwell.com\/","og_site_name":"Mill and well","article_modified_time":"2016-04-19T08:23:27+00:00","og_image":[{"width":1440,"height":851,"url":"https:\/\/www.millandwell.com\/wp-content\/uploads\/2015\/11\/bg_test.jpg","type":"image\/jpeg"}],"twitter_card":"summary_large_image","twitter_misc":{"Estimeret l\u00e6setid":"1 minut"},"schema":{"@context":"https:\/\/schema.org","@graph":[{"@type":"WebPage","@id":"https:\/\/www.millandwell.com\/","url":"https:\/\/www.millandwell.com\/","name":"[:en]Water is the source of life [:da]Vand er livets kilde[:] - Mill and well","isPartOf":{"@id":"https:\/\/www.millandwell.com\/#website"},"primaryImageOfPage":{"@id":"https:\/\/www.millandwell.com\/#primaryimage"},"image":{"@id":"https:\/\/www.millandwell.com\/#primaryimage"},"thumbnailUrl":"https:\/\/www.millandwell.com\/wp-content\/uploads\/2015\/11\/bg_test.jpg","datePublished":"2015-11-17T10:27:54+00:00","dateModified":"2016-04-19T08:23:27+00:00","description":"Mill & Well is the purest water from one of the only artesian wells in Denmark","breadcrumb":{"@id":"https:\/\/www.millandwell.com\/#breadcrumb"},"inLanguage":"da-DK","potentialAction":[{"@type":"ReadAction","target":["https:\/\/www.millandwell.com\/"]}]},{"@type":"ImageObject","inLanguage":"da-DK","@id":"https:\/\/www.millandwell.com\/#primaryimage","url":"https:\/\/www.millandwell.com\/wp-content\/uploads\/2015\/11\/bg_test.jpg","contentUrl":"https:\/\/www.millandwell.com\/wp-content\/uploads\/2015\/11\/bg_test.jpg","width":1440,"height":851},{"@type":"BreadcrumbList","@id":"https:\/\/www.millandwell.com\/#breadcrumb","itemListElement":[{"@type":"ListItem","position":1,"name":"Home","item":"https:\/\/www.millandwell.com\/"},{"@type":"ListItem","position":2,"name":"Water is the source of life"}]},{"@type":"WebSite","@id":"https:\/\/www.millandwell.com\/#website","url":"https:\/\/www.millandwell.com\/","name":"Mill and well","description":"Kildevand fra en af Danmarks eneste artesiske kilder","potentialAction":[{"@type":"SearchAction","target":{"@type":"EntryPoint","urlTemplate":"https:\/\/www.millandwell.com\/?s={search_term_string}"},"query-input":{"@type":"PropertyValueSpecification","valueRequired":true,"valueName":"search_term_string"}}],"inLanguage":"da-DK"}]}},"_links":{"self":[{"href":"https:\/\/www.millandwell.com\/da\/wp-json\/wp\/v2\/pages\/2","targetHints":{"allow":["GET"]}}],"collection":[{"href":"https:\/\/www.millandwell.com\/da\/wp-json\/wp\/v2\/pages"}],"about":[{"href":"https:\/\/www.millandwell.com\/da\/wp-json\/wp\/v2\/types\/page"}],"author":[{"embeddable":true,"href":"https:\/\/www.millandwell.com\/da\/wp-json\/wp\/v2\/users\/3"}],"replies":[{"embeddable":true,"href":"https:\/\/www.millandwell.com\/da\/wp-json\/wp\/v2\/comments?post=2"}],"version-history":[{"count":19,"href":"https:\/\/www.millandwell.com\/da\/wp-json\/wp\/v2\/pages\/2\/revisions"}],"predecessor-version":[{"id":221,"href":"https:\/\/www.millandwell.com\/da\/wp-json\/wp\/v2\/pages\/2\/revisions\/221"}],"wp:featuredmedia":[{"embeddable":true,"href":"https:\/\/www.millandwell.com\/da\/wp-json\/wp\/v2\/media\/177"}],"wp:attachment":[{"href":"https:\/\/www.millandwell.com\/da\/wp-json\/wp\/v2\/media?parent=2"}],"curies":[{"name":"wp","href":"https:\/\/api.w.org\/{rel}","templated":true}]}}