{"id":196,"date":"2016-04-05T11:54:42","date_gmt":"2016-04-05T11:54:42","guid":{"rendered":"http:\/\/www.millandwell.com\/?page_id=196"},"modified":"2016-04-05T11:57:13","modified_gmt":"2016-04-05T11:57:13","slug":"om-os","status":"publish","type":"page","link":"https:\/\/www.millandwell.com\/da\/om-os\/","title":{"rendered":"Om os"},"content":{"rendered":"<p><\/p>\n<p style=\"text-align: center;\">God smag er ikke en tilf\u00e6ldighed. I alt hvad vi g\u00f8r, g\u00e5r vi efter at skabe oplevelser. Rene smagsoplevelser, der skaber gl\u00e6de hos andre mennesker. <\/p>\n<p style=\"text-align: center;\">Derfor g\u00e5r vi altid op i de mindste detaljer. Vi har stor respekt for naturen og en sk\u00e5nsom produktion. Vi er opm\u00e6rksomme p\u00e5 den samlede oplevelse, og dermed ogs\u00e5 vores design. Vi tror nemlig p\u00e5, at gode smagsoplevelser handler om mere end et velsmagende kvalitets produkt, og starter med det, der m\u00f8der \u00f8jet.<\/p>\n<h2 style=\"text-align: center;\"><strong>Om Henrik<\/strong><\/h2>\n<p style=\"text-align: center;\">Br\u00f8nden blev grundlagt i 1561 af Hertug Hans den \u00c6ldre, og allerede dengang, havde beboerne omkring kilden f\u00e5et \u00f8jnene op for vandets potentiale. Gennem tiden har kildevandet indg\u00e5et i br\u00e6ndevinsproduktion, og lokale mejerister har anvendt vandet som en vigtig del af deres produktion. Desv\u00e6rre nedbr\u00e6ndte destilleriet i 1877. <\/p>\n<p style=\"text-align: center;\">I 2007 besluttede Henrik Loff sig for, at bringe kilden tilbage i live efter at den havde lagt i dvale i over 100 \u00e5r. Han var klar over, at vandet havde en s\u00e6rlig god smag og kvalitet. Det gav ham lysten til, at skabe et koncept omkring det artetiske kildevand, hvor der fokus p\u00e5 kundens samlede oplevelse. B\u00e5de den visuelle fremtoning og produktets kvalitet og smag. <\/p>\n<p style=\"text-align: center;\">Det er Henriks passion, der er fremdriften i Mill&#038;Well. En passion for kvalitet \u2013 helt som fra Hertug Hans den \u00c6ldres tid \u2013 der har v\u00e6ret drivkraften hos de folk, der har anvendt det artetiske kildevand til produktion. <\/p>\n<p><\/p>","protected":false},"excerpt":{"rendered":"<p>God smag er ikke en tilf\u00e6ldighed. I alt hvad vi g\u00f8r, g\u00e5r vi efter at skabe oplevelser. Rene smagsoplevelser, der skaber gl\u00e6de hos andre mennesker. Derfor g\u00e5r vi altid op i de mindste detaljer. Vi har stor respekt for naturen og en sk\u00e5nsom produktion. Vi er opm\u00e6rksomme p\u00e5 den samlede oplevelse, og dermed ogs\u00e5 vores [&hellip;]<\/p>\n","protected":false},"author":3,"featured_media":152,"parent":0,"menu_order":0,"comment_status":"closed","ping_status":"closed","template":"","meta":{"_acf_changed":false,"footnotes":""},"class_list":["post-196","page","type-page","status-publish","has-post-thumbnail","hentry"],"acf":[],"yoast_head":"<!-- This site is optimized with the Yoast SEO plugin v27.4 - https:\/\/yoast.com\/product\/yoast-seo-wordpress\/ -->\n<title>Om os - Mill and well<\/title>\n<meta name=\"robots\" content=\"index, follow, max-snippet:-1, max-image-preview:large, max-video-preview:-1\" \/>\n<link rel=\"canonical\" href=\"https:\/\/www.millandwell.com\/om-os\/\" \/>\n<meta property=\"og:locale\" content=\"da_DK\" \/>\n<meta property=\"og:type\" content=\"article\" \/>\n<meta property=\"og:title\" content=\"[:en]About us[:da]Om os[:] - Mill and well\" \/>\n<meta property=\"og:description\" content=\"God smag er ikke en tilf\u00e6ldighed. I alt hvad vi g\u00f8r, g\u00e5r vi efter at skabe oplevelser. Rene smagsoplevelser, der skaber gl\u00e6de hos andre mennesker. Derfor g\u00e5r vi altid op i de mindste detaljer. Vi har stor respekt for naturen og en sk\u00e5nsom produktion. Vi er opm\u00e6rksomme p\u00e5 den samlede oplevelse, og dermed ogs\u00e5 vores [&hellip;]\" \/>\n<meta property=\"og:url\" content=\"https:\/\/www.millandwell.com\/om-os\/\" \/>\n<meta property=\"og:site_name\" content=\"Mill and well\" \/>\n<meta property=\"article:modified_time\" content=\"2016-04-05T11:57:13+00:00\" \/>\n<meta property=\"og:image\" content=\"https:\/\/www.millandwell.com\/wp-content\/uploads\/2015\/11\/history-bg2.jpg\" \/>\n\t<meta property=\"og:image:width\" content=\"1440\" \/>\n\t<meta property=\"og:image:height\" content=\"1028\" \/>\n\t<meta property=\"og:image:type\" content=\"image\/jpeg\" \/>\n<meta name=\"twitter:card\" content=\"summary_large_image\" \/>\n<meta name=\"twitter:label1\" content=\"Estimeret l\u00e6setid\" \/>\n\t<meta name=\"twitter:data1\" content=\"2 minutter\" \/>\n<script type=\"application\/ld+json\" class=\"yoast-schema-graph\">{\"@context\":\"https:\\\/\\\/schema.org\",\"@graph\":[{\"@type\":\"WebPage\",\"@id\":\"https:\\\/\\\/www.millandwell.com\\\/om-os\\\/\",\"url\":\"https:\\\/\\\/www.millandwell.com\\\/om-os\\\/\",\"name\":\"[:en]About us[:da]Om os[:] - Mill and well\",\"isPartOf\":{\"@id\":\"https:\\\/\\\/www.millandwell.com\\\/#website\"},\"primaryImageOfPage\":{\"@id\":\"https:\\\/\\\/www.millandwell.com\\\/om-os\\\/#primaryimage\"},\"image\":{\"@id\":\"https:\\\/\\\/www.millandwell.com\\\/om-os\\\/#primaryimage\"},\"thumbnailUrl\":\"https:\\\/\\\/www.millandwell.com\\\/wp-content\\\/uploads\\\/2015\\\/11\\\/history-bg2.jpg\",\"datePublished\":\"2016-04-05T11:54:42+00:00\",\"dateModified\":\"2016-04-05T11:57:13+00:00\",\"breadcrumb\":{\"@id\":\"https:\\\/\\\/www.millandwell.com\\\/om-os\\\/#breadcrumb\"},\"inLanguage\":\"da-DK\",\"potentialAction\":[{\"@type\":\"ReadAction\",\"target\":[\"https:\\\/\\\/www.millandwell.com\\\/om-os\\\/\"]}]},{\"@type\":\"ImageObject\",\"inLanguage\":\"da-DK\",\"@id\":\"https:\\\/\\\/www.millandwell.com\\\/om-os\\\/#primaryimage\",\"url\":\"https:\\\/\\\/www.millandwell.com\\\/wp-content\\\/uploads\\\/2015\\\/11\\\/history-bg2.jpg\",\"contentUrl\":\"https:\\\/\\\/www.millandwell.com\\\/wp-content\\\/uploads\\\/2015\\\/11\\\/history-bg2.jpg\",\"width\":1440,\"height\":1028},{\"@type\":\"BreadcrumbList\",\"@id\":\"https:\\\/\\\/www.millandwell.com\\\/om-os\\\/#breadcrumb\",\"itemListElement\":[{\"@type\":\"ListItem\",\"position\":1,\"name\":\"Home\",\"item\":\"https:\\\/\\\/www.millandwell.com\\\/\"},{\"@type\":\"ListItem\",\"position\":2,\"name\":\"About us\"}]},{\"@type\":\"WebSite\",\"@id\":\"https:\\\/\\\/www.millandwell.com\\\/#website\",\"url\":\"https:\\\/\\\/www.millandwell.com\\\/\",\"name\":\"Mill and well\",\"description\":\"Kildevand fra en af Danmarks eneste artesiske kilder\",\"potentialAction\":[{\"@type\":\"SearchAction\",\"target\":{\"@type\":\"EntryPoint\",\"urlTemplate\":\"https:\\\/\\\/www.millandwell.com\\\/?s={search_term_string}\"},\"query-input\":{\"@type\":\"PropertyValueSpecification\",\"valueRequired\":true,\"valueName\":\"search_term_string\"}}],\"inLanguage\":\"da-DK\"}]}<\/script>\n<!-- \/ Yoast SEO plugin. -->","yoast_head_json":{"title":"[:en]About us[:da]Om os[:] - Mill and well","robots":{"index":"index","follow":"follow","max-snippet":"max-snippet:-1","max-image-preview":"max-image-preview:large","max-video-preview":"max-video-preview:-1"},"canonical":"https:\/\/www.millandwell.com\/om-os\/","og_locale":"da_DK","og_type":"article","og_title":"[:en]About us[:da]Om os[:] - Mill and well","og_description":"God smag er ikke en tilf\u00e6ldighed. I alt hvad vi g\u00f8r, g\u00e5r vi efter at skabe oplevelser. Rene smagsoplevelser, der skaber gl\u00e6de hos andre mennesker. Derfor g\u00e5r vi altid op i de mindste detaljer. Vi har stor respekt for naturen og en sk\u00e5nsom produktion. Vi er opm\u00e6rksomme p\u00e5 den samlede oplevelse, og dermed ogs\u00e5 vores [&hellip;]","og_url":"https:\/\/www.millandwell.com\/om-os\/","og_site_name":"Mill and well","article_modified_time":"2016-04-05T11:57:13+00:00","og_image":[{"width":1440,"height":1028,"url":"https:\/\/www.millandwell.com\/wp-content\/uploads\/2015\/11\/history-bg2.jpg","type":"image\/jpeg"}],"twitter_card":"summary_large_image","twitter_misc":{"Estimeret l\u00e6setid":"2 minutter"},"schema":{"@context":"https:\/\/schema.org","@graph":[{"@type":"WebPage","@id":"https:\/\/www.millandwell.com\/om-os\/","url":"https:\/\/www.millandwell.com\/om-os\/","name":"[:en]About us[:da]Om os[:] - Mill and well","isPartOf":{"@id":"https:\/\/www.millandwell.com\/#website"},"primaryImageOfPage":{"@id":"https:\/\/www.millandwell.com\/om-os\/#primaryimage"},"image":{"@id":"https:\/\/www.millandwell.com\/om-os\/#primaryimage"},"thumbnailUrl":"https:\/\/www.millandwell.com\/wp-content\/uploads\/2015\/11\/history-bg2.jpg","datePublished":"2016-04-05T11:54:42+00:00","dateModified":"2016-04-05T11:57:13+00:00","breadcrumb":{"@id":"https:\/\/www.millandwell.com\/om-os\/#breadcrumb"},"inLanguage":"da-DK","potentialAction":[{"@type":"ReadAction","target":["https:\/\/www.millandwell.com\/om-os\/"]}]},{"@type":"ImageObject","inLanguage":"da-DK","@id":"https:\/\/www.millandwell.com\/om-os\/#primaryimage","url":"https:\/\/www.millandwell.com\/wp-content\/uploads\/2015\/11\/history-bg2.jpg","contentUrl":"https:\/\/www.millandwell.com\/wp-content\/uploads\/2015\/11\/history-bg2.jpg","width":1440,"height":1028},{"@type":"BreadcrumbList","@id":"https:\/\/www.millandwell.com\/om-os\/#breadcrumb","itemListElement":[{"@type":"ListItem","position":1,"name":"Home","item":"https:\/\/www.millandwell.com\/"},{"@type":"ListItem","position":2,"name":"About us"}]},{"@type":"WebSite","@id":"https:\/\/www.millandwell.com\/#website","url":"https:\/\/www.millandwell.com\/","name":"Mill and well","description":"Kildevand fra en af Danmarks eneste artesiske kilder","potentialAction":[{"@type":"SearchAction","target":{"@type":"EntryPoint","urlTemplate":"https:\/\/www.millandwell.com\/?s={search_term_string}"},"query-input":{"@type":"PropertyValueSpecification","valueRequired":true,"valueName":"search_term_string"}}],"inLanguage":"da-DK"}]}},"_links":{"self":[{"href":"https:\/\/www.millandwell.com\/da\/wp-json\/wp\/v2\/pages\/196","targetHints":{"allow":["GET"]}}],"collection":[{"href":"https:\/\/www.millandwell.com\/da\/wp-json\/wp\/v2\/pages"}],"about":[{"href":"https:\/\/www.millandwell.com\/da\/wp-json\/wp\/v2\/types\/page"}],"author":[{"embeddable":true,"href":"https:\/\/www.millandwell.com\/da\/wp-json\/wp\/v2\/users\/3"}],"replies":[{"embeddable":true,"href":"https:\/\/www.millandwell.com\/da\/wp-json\/wp\/v2\/comments?post=196"}],"version-history":[{"count":2,"href":"https:\/\/www.millandwell.com\/da\/wp-json\/wp\/v2\/pages\/196\/revisions"}],"predecessor-version":[{"id":198,"href":"https:\/\/www.millandwell.com\/da\/wp-json\/wp\/v2\/pages\/196\/revisions\/198"}],"wp:featuredmedia":[{"embeddable":true,"href":"https:\/\/www.millandwell.com\/da\/wp-json\/wp\/v2\/media\/152"}],"wp:attachment":[{"href":"https:\/\/www.millandwell.com\/da\/wp-json\/wp\/v2\/media?parent=196"}],"curies":[{"name":"wp","href":"https:\/\/api.w.org\/{rel}","templated":true}]}}